{"id":388,"date":"2025-05-30T09:04:46","date_gmt":"2025-05-30T09:04:46","guid":{"rendered":"https:\/\/festive-benz.2-56-99-18.plesk.page\/schornsteinfeger-liv-baden-wuerttemberg\/?page_id=388"},"modified":"2025-11-18T17:15:04","modified_gmt":"2025-11-18T17:15:04","slug":"impressum","status":"publish","type":"page","link":"https:\/\/schornsteinfegerinnung-fr.de\/index.php\/impressum\/","title":{"rendered":"Impressum"},"content":{"rendered":"<p>[et_pb_section fb_built=&#8220;1&#8243; _builder_version=&#8220;4.27.4&#8243; _module_preset=&#8220;default&#8220;][et_pb_row _builder_version=&#8220;4.27.4&#8243; _module_preset=&#8220;default&#8220; global_colors_info=&#8220;{}&#8220;][et_pb_column type=&#8220;4_4&#8243; _builder_version=&#8220;4.27.4&#8243; _module_preset=&#8220;default&#8220; global_colors_info=&#8220;{}&#8220;][et_pb_text _builder_version=&#8220;4.27.4&#8243; _module_preset=&#8220;default&#8220; global_colors_info=&#8220;{}&#8220;]<\/p>\n<h1>Impressum<\/h1>\n<p>Angaben gem\u00e4\u00df \u00a7 5 TMG:<\/p>\n<p>Schornsteinfegerinnung f\u00fcr den Regierungsbezirk Freiburg<br \/>Ahornweg 18<br \/>79822 Titisee-Neustadt<\/p>\n<h2>Vertreten durch:<\/h2>\n<p><span>Obermeister Karl-Rainer Kopf<\/span><\/p>\n<h2>Kontakt:<\/h2>\n<p><span>Telefon: 07651 4350<\/span><br \/><span>Telefax: 07651 3845<\/span><br \/><span>E-Mail:\u00a0<\/span><a>info@schornsteinfegerinnung-fr.de<\/a><\/p>\n<p>&nbsp;<\/p>\n<h2>Verantwortlich f\u00fcr den Inhalt nach \u00a7 55 Abs. 2 RStV:<\/h2>\n<p><span>Karl-Rainer Kopf<\/span><br \/><span>Ahornweg 18<\/span><br \/><span>79822 Titisee-Neustadt<\/span>\u00a0<\/p>\n<h2>Gestaltung, technische Umsetzung und Betreuung:<\/h2>\n<p>DEXHEIMER SOFTWARE GMBH<br \/>Friedhofstra\u00dfe 13<br \/>66987 Thaleischweiler-Fr\u00f6schen<\/p>\n<p>Tel.: +49 6334 4496-11<br \/>Fax: +49 6334 4496-66<\/p>\n<p><a><span>info@dexheimer.cc<\/span><\/a><br \/><a href=\"https:\/\/www.oevermann.de\/\" title=\"Full-Service-Internetagentur\" target=\"_blank\" rel=\"noopener\">www.dexheimer-software.de<\/a><\/p>\n<p>&nbsp;<\/p>\n<h2>Quellenangaben f\u00fcr die verwendeten Bilder und Grafiken:<\/h2>\n<p>fotolia.com<br \/>\u00a9 username | 123456789| fotolia.com<br \/>\u00a9 name of user\u00a0|\u00a0987654321| fotolia.com<\/p>\n<p>\u00a9 Michael Kettel Fotografie 2020<br \/>charniphotogrphy<br \/>Ernst Merkhofer<br \/>FotoLeofaGmbH<br \/>masterpress Hauptstrasse 131 68259 Mannheim<br \/>SIMONE STARON<br \/>Simone Staron Bruchsal<br \/>www.pixelgruen.de<\/p>\n<h2>Haftung f\u00fcr Inhalte<\/h2>\n<p>Als Diensteanbieter sind wir gem\u00e4\u00df \u00a7 7 Abs.1 TMG f\u00fcr eigene Inhalte auf diesen Seiten nach den allgemeinen Gesetzen verantwortlich. Nach \u00a7\u00a7 8 bis 10 TMG sind wir als Diensteanbieter jedoch nicht verpflichtet, \u00fcbermittelte oder gespeicherte fremde Informationen zu \u00fcberwachen oder nach Umst\u00e4nden zu forschen, die auf eine rechtswidrige T\u00e4tigkeit hinweisen.<\/p>\n<p>Verpflichtungen zur Entfernung oder Sperrung der Nutzung von Informationen nach den allgemeinen Gesetzen bleiben hiervon unber\u00fchrt. Eine diesbez\u00fcgliche Haftung ist jedoch erst ab dem Zeitpunkt der Kenntnis einer konkreten Rechtsverletzung m\u00f6glich. Bei Bekanntwerden von entsprechenden Rechtsverletzungen werden wir diese Inhalte umgehend entfernen.<\/p>\n<h2>Haftung f\u00fcr Links<\/h2>\n<p>Unser Angebot enth\u00e4lt Links zu externen Webseiten Dritter, auf deren Inhalte wir keinen Einfluss haben. Deshalb k\u00f6nnen wir f\u00fcr diese fremden Inhalte auch keine Gew\u00e4hr \u00fcbernehmen. F\u00fcr die Inhalte der verlinkten Seiten ist stets der jeweilige Anbieter oder Betreiber der Seiten verantwortlich. Die verlinkten Seiten wurden zum Zeitpunkt der Verlinkung auf m\u00f6gliche Rechtsverst\u00f6\u00dfe \u00fcberpr\u00fcft. Rechtswidrige Inhalte waren zum Zeitpunkt der Verlinkung nicht erkennbar.<\/p>\n<p>Eine permanente inhaltliche Kontrolle der verlinkten Seiten ist jedoch ohne konkrete Anhaltspunkte einer Rechtsverletzung nicht zumutbar. Bei Bekanntwerden von Rechtsverletzungen werden wir derartige Links umgehend entfernen.<\/p>\n<h2>Urheberrecht<\/h2>\n<p>Die durch die Seitenbetreiber erstellten Inhalte und Werke auf diesen Seiten unterliegen dem deutschen Urheberrecht. Die Vervielf\u00e4ltigung, Bearbeitung, Verbreitung und jede Art der Verwertung au\u00dferhalb der Grenzen des Urheberrechtes bed\u00fcrfen der schriftlichen Zustimmung des jeweiligen Autors bzw. Erstellers. Downloads und Kopien dieser Seite sind nur f\u00fcr den privaten, nicht kommerziellen Gebrauch gestattet.<\/p>\n<p>Soweit die Inhalte auf dieser Seite nicht vom Betreiber erstellt wurden, werden die Urheberrechte Dritter beachtet. Insbesondere werden Inhalte Dritter als solche gekennzeichnet. Sollten Sie trotzdem auf eine Urheberrechtsverletzung aufmerksam werden, bitten wir um einen entsprechenden Hinweis. Bei Bekanntwerden von Rechtsverletzungen werden wir derartige Inhalte umgehend entfernen.<\/p>\n<p>Quellverweis:\u00a0<a href=\"https:\/\/www.e-recht24.de\/\" target=\"_blank\" rel=\"noopener\">https:\/\/www.e-recht24.de<\/a><\/p>\n<p>[\/et_pb_text][\/et_pb_column][\/et_pb_row][\/et_pb_section]<\/p>\n","protected":false},"excerpt":{"rendered":"<p>Impressum Angaben gem\u00e4\u00df \u00a7 5 TMG: Schornsteinfegerinnung f\u00fcr den Regierungsbezirk FreiburgAhornweg 1879822 Titisee-Neustadt Vertreten durch: Obermeister Karl-Rainer Kopf Kontakt: Telefon: 07651 4350Telefax: 07651 3845E-Mail:\u00a0info@schornsteinfegerinnung-fr.de &nbsp; Verantwortlich f\u00fcr den Inhalt nach \u00a7 55 Abs. 2 RStV: Karl-Rainer KopfAhornweg 1879822 Titisee-Neustadt\u00a0 Gestaltung, technische Umsetzung und Betreuung: DEXHEIMER SOFTWARE GMBHFriedhofstra\u00dfe 1366987 Thaleischweiler-Fr\u00f6schen Tel.: +49 6334 4496-11Fax: +49 6334 [&hellip;]<\/p>\n","protected":false},"author":1,"featured_media":0,"parent":0,"menu_order":0,"comment_status":"closed","ping_status":"closed","template":"","meta":{"_et_pb_use_builder":"on","_et_pb_old_content":"","_et_gb_content_width":"","footnotes":""},"class_list":["post-388","page","type-page","status-publish","hentry"],"_links":{"self":[{"href":"https:\/\/schornsteinfegerinnung-fr.de\/index.php\/wp-json\/wp\/v2\/pages\/388","targetHints":{"allow":["GET"]}}],"collection":[{"href":"https:\/\/schornsteinfegerinnung-fr.de\/index.php\/wp-json\/wp\/v2\/pages"}],"about":[{"href":"https:\/\/schornsteinfegerinnung-fr.de\/index.php\/wp-json\/wp\/v2\/types\/page"}],"author":[{"embeddable":true,"href":"https:\/\/schornsteinfegerinnung-fr.de\/index.php\/wp-json\/wp\/v2\/users\/1"}],"replies":[{"embeddable":true,"href":"https:\/\/schornsteinfegerinnung-fr.de\/index.php\/wp-json\/wp\/v2\/comments?post=388"}],"version-history":[{"count":5,"href":"https:\/\/schornsteinfegerinnung-fr.de\/index.php\/wp-json\/wp\/v2\/pages\/388\/revisions"}],"predecessor-version":[{"id":1311,"href":"https:\/\/schornsteinfegerinnung-fr.de\/index.php\/wp-json\/wp\/v2\/pages\/388\/revisions\/1311"}],"wp:attachment":[{"href":"https:\/\/schornsteinfegerinnung-fr.de\/index.php\/wp-json\/wp\/v2\/media?parent=388"}],"curies":[{"name":"wp","href":"https:\/\/api.w.org\/{rel}","templated":true}]}}