{"id":250,"date":"2025-05-27T09:42:17","date_gmt":"2025-05-27T09:42:17","guid":{"rendered":"https:\/\/festive-benz.2-56-99-18.plesk.page\/schornsteinfeger-liv-baden-wuerttemberg\/?page_id=250"},"modified":"2025-12-14T08:37:06","modified_gmt":"2025-12-14T08:37:06","slug":"technische-informationen","status":"publish","type":"page","link":"https:\/\/schornsteinfegerinnung-fr.de\/index.php\/technische-informationen\/","title":{"rendered":"Technische Informationen"},"content":{"rendered":"<p>[et_pb_section fb_built=&#8220;1&#8243; _builder_version=&#8220;4.27.4&#8243; _module_preset=&#8220;default&#8220;][et_pb_row _builder_version=&#8220;4.27.4&#8243; _module_preset=&#8220;default&#8220; global_colors_info=&#8220;{}&#8220;][et_pb_column type=&#8220;4_4&#8243; _builder_version=&#8220;4.27.4&#8243; _module_preset=&#8220;default&#8220; global_colors_info=&#8220;{}&#8220;][et_pb_heading title=&#8220;Leitlinie Handwerk &#8211; Aufruf an Innungs-Schornsteinfegerbetriebe&#8220; _builder_version=&#8220;4.27.4&#8243; _module_preset=&#8220;default&#8220; global_colors_info=&#8220;{}&#8220;][\/et_pb_heading][\/et_pb_column][\/et_pb_row][et_pb_row column_structure=&#8220;1_2,1_2&#8243; _builder_version=&#8220;4.27.4&#8243; _module_preset=&#8220;default&#8220; global_colors_info=&#8220;{}&#8220;][et_pb_column type=&#8220;1_2&#8243; _builder_version=&#8220;4.27.4&#8243; _module_preset=&#8220;default&#8220; global_colors_info=&#8220;{}&#8220;][et_pb_image src=&#8220;https:\/\/schornsteinfegerinnung-fr.de\/wp-content\/uploads\/2025\/05\/leitlinie-handwerk-schornsteinfeger_image_1_k.jpg&#8220; title_text=&#8220;leitlinie-handwerk-schornsteinfeger_image_1_k&#8220; _builder_version=&#8220;4.27.4&#8243; _module_preset=&#8220;default&#8220; hover_enabled=&#8220;0&#8243; global_colors_info=&#8220;{}&#8220; border_radii=&#8220;on|10px|10px|10px|10px&#8220; sticky_enabled=&#8220;0&#8243;][\/et_pb_image][\/et_pb_column][et_pb_column type=&#8220;1_2&#8243; _builder_version=&#8220;4.27.4&#8243; _module_preset=&#8220;default&#8220; global_colors_info=&#8220;{}&#8220;][et_pb_text _builder_version=&#8220;4.27.4&#8243; _module_preset=&#8220;default&#8220; hover_enabled=&#8220;0&#8243; global_colors_info=&#8220;{}&#8220; sticky_enabled=&#8220;0&#8243;]<\/p>\n<p><span>Werden Sie Teil der \u201eLeitlinie Handwerk\u201c<\/span><br \/><span>Der Landesinnungsverband des Schornsteinfegerhandwerks Baden-W\u00fcrttemberg f\u00fchrt in Zusammenarbeit mit weiteren Klimagewerken und Zukunft Altbau ein neues Qualit\u00e4tssiegel in Baden-W\u00fcrttemberg ein.<\/span><\/p>\n<p><span>Nehmen Sie als Innungsfachbetrieb des Schornsteinfegerhandwerks gewerk\u00fcbergreifend an diesem Informationsprogramm teil!<\/span><\/p>\n<p><span>Bitte \u00f6ffnen Sie das beigef\u00fcgte\u00a0<\/span><a href=\"\/wp-content\/uploads\/2025\/11\/leitlinie-handwerk-schornsteinfeger.pdf\" target=\"_blank\" rel=\"noopener\">Dokument<\/a><span>\u00a0und treten Sie \u00fcber nachfolgenden Link bei:\u00a0<\/span><a href=\"https:\/\/forms.office.com\/Pages\/ResponsePage.aspx?id=IR_ssX4FHEqXC3iYWomfoRAGykfjYhtMgC_kKCauNC9UREtSTEJQV0VaRElNNExVUk5EWUxPNURZUyQlQCN0PWcu\" target=\"_blank\" rel=\"noopener\">Beitrittsformular<\/a><\/p>\n<p>[\/et_pb_text][\/et_pb_column][\/et_pb_row][\/et_pb_section][et_pb_section fb_built=&#8220;1&#8243; _builder_version=&#8220;4.27.4&#8243; _module_preset=&#8220;default&#8220; background_color=&#8220;gcid-a93f2103-1d8b-43bb-b21d-81d84bba8b15&#8243; global_colors_info=&#8220;{%22gcid-a93f2103-1d8b-43bb-b21d-81d84bba8b15%22:%91%22background_color%22%93}&#8220;][et_pb_row _builder_version=&#8220;4.27.4&#8243; _module_preset=&#8220;default&#8220; global_colors_info=&#8220;{}&#8220;][et_pb_column type=&#8220;4_4&#8243; _builder_version=&#8220;4.27.4&#8243; _module_preset=&#8220;default&#8220; global_colors_info=&#8220;{}&#8220;][et_pb_heading title=&#8220;Technische Fachinformationen&#8220; _builder_version=&#8220;4.27.4&#8243; _module_preset=&#8220;default&#8220; global_colors_info=&#8220;{}&#8220;][\/et_pb_heading][\/et_pb_column][\/et_pb_row][et_pb_row column_structure=&#8220;1_2,1_2&#8243; _builder_version=&#8220;4.27.4&#8243; _module_preset=&#8220;default&#8220; global_colors_info=&#8220;{}&#8220;][et_pb_column type=&#8220;1_2&#8243; _builder_version=&#8220;4.27.4&#8243; _module_preset=&#8220;default&#8220; global_colors_info=&#8220;{}&#8220;][et_pb_image src=&#8220;https:\/\/schornsteinfegerinnung-fr.de\/wp-content\/uploads\/2025\/05\/grafik_bw_liv_bawue_final_small.png&#8220; title_text=&#8220;grafik_bw_liv_bawue_final_small&#8220; align=&#8220;center&#8220; _builder_version=&#8220;4.27.4&#8243; _module_preset=&#8220;default&#8220; width=&#8220;100%&#8220; max_width=&#8220;100%&#8220; global_colors_info=&#8220;{}&#8220;][\/et_pb_image][et_pb_text _builder_version=&#8220;4.27.4&#8243; _module_preset=&#8220;default&#8220; hover_enabled=&#8220;0&#8243; global_colors_info=&#8220;{}&#8220; sticky_enabled=&#8220;0&#8243;]<\/p>\n<h3>Informationen LIV<\/h3>\n<ul class=\"on-list\">\n<li><a title=\"FeuVO\" href=\"https:\/\/www.landesrecht-bw.de\/bsbw\/document\/jlr-BauOBW2010V31IVZ\" target=\"_blank\" rel=\"noopener\">Landesbauordnung f\u00fcr Baden-W\u00fcrttemberg<\/a><span>\u00a0<\/span><a title=\"FeuVO\" href=\"http:\/\/http\/\/www.landesrecht-bw.de\/jportal\/?quelle=jlink&amp;query=FeuerAnlV+BW&amp;psml=bsbawueprod.psml&amp;max=true\" target=\"_blank\" rel=\"noopener\">(LBO)<br \/><\/a><\/li>\n<li><a title=\"FeuVO\" href=\"http:\/\/www.landesrecht-bw.de\/jportal\/?quelle=jlink&amp;query=FeuerAnlV+BW&amp;psml=bsbawueprod.psml&amp;max=true\" target=\"_blank\" rel=\"noopener\">Verordnung des Wirtschaftsministeriums\u00fcber Anforderungen an Feuerungsanlagen, W\u00e4rme- und Brennstoffversorgungsanlage<\/a><a title=\"FeuVO\" href=\"http:\/\/http\/\/www.landesrecht-bw.de\/jportal\/?quelle=jlink&amp;query=FeuerAnlV+BW&amp;psml=bsbawueprod.psml&amp;max=true\" target=\"_blank\" rel=\"noopener\">n<br \/>(<\/a><a title=\"FeuVO\" href=\"http:\/\/www.landesrecht-bw.de\/jportal\/?quelle=jlink&amp;query=FeuerAnlV+BW&amp;psml=bsbawueprod.psml&amp;max=true\" target=\"_blank\" rel=\"noopener\">Feuerungsverordnung &#8211; FeuVO<\/a><a title=\"FeuVO\" href=\"http:\/\/http\/\/www.landesrecht-bw.de\/jportal\/?quelle=jlink&amp;query=FeuerAnlV+BW&amp;psml=bsbawueprod.psml&amp;max=true\" target=\"_blank\" rel=\"noopener\">)<br \/><\/a><\/li>\n<li><a title=\"FeuVO\" href=\"\/wp-content\/uploads\/2025\/10\/VwV-LBO-Vordrucke_Anlage_4a.pdf\" target=\"_blank\" rel=\"noopener\">Formular Technische Angaben \u00fcber Feuerungsanlagen (TAF)<\/a><\/li>\n<li><a title=\"FeuVO\" href=\"\/wp-content\/uploads\/2025\/10\/taf-manual-2016.pdf\" target=\"_blank\" rel=\"noopener\">Anleitung zum Ausf\u00fcllen der TAF<\/a><a title=\"Geb\u00fchrenordnung MVI\" href=\"http:\/\/www.landesrecht-bw.de\/jportal\/portal\/t\/ie5\/page\/bsbawueprod.psml?doc.hl=1&amp;doc.id=VB-BW-GBl2012712&amp;documentnumber=9&amp;numberofresults=12&amp;doctyp=Verkuendungsblatt%3Abw-gbl&amp;showdoccase=1&amp;doc.part=D&amp;paramfromHL=true#focuspoint\" target=\"_blank\" rel=\"noopener\"><br \/><\/a><\/li>\n<li><a title=\"Geb\u00fchrenordnung MLW\" href=\"https:\/\/www.landesrecht-bw.de\/bsbw\/document\/jlr-MLWGebVBW2024rahmen\" target=\"_blank\" rel=\"noopener\">Verordnung des Ministeriums f\u00fcr Landesentwicklung und Wohnen \u00fcber die Festsetzung der Geb\u00fchrens\u00e4tze MLW<\/a><a title=\"FeuVO\" href=\"http:\/\/http\/\/www.landesrecht-bw.de\/jportal\/?quelle=jlink&amp;query=FeuerAnlV+BW&amp;psml=bsbawueprod.psml&amp;max=true\" target=\"_blank\" rel=\"noopener\"><br \/><\/a><\/li>\n<li><a title=\"FeuVO\" href=\"http:\/\/http\/\/www.landesrecht-bw.de\/jportal\/?quelle=jlink&amp;query=FeuerAnlV+BW&amp;psml=bsbawueprod.psml&amp;max=true\" target=\"_blank\" rel=\"noopener\"><\/a><a title=\"FeuVO\" href=\"https:\/\/www.landesrecht-bw.de\/bsbw\/document\/jlr-ErnW%C3%A4rmeGBW2015rahmen\" target=\"_blank\" rel=\"noopener\">Gesetz zur Nutzung erneuerbarer W\u00e4rmeenergie in Baden-W\u00fcrttemberg (EW\u00e4rmeG)<\/a><a title=\"FeuVO\" href=\"http:\/\/http\/\/www.landesrecht-bw.de\/jportal\/?quelle=jlink&amp;query=FeuerAnlV+BW&amp;psml=bsbawueprod.psml&amp;max=true\" target=\"_blank\" rel=\"noopener\"><br \/><\/a><\/li>\n<li><a title=\"Sanierungsfahrplan-Verordnung\" href=\"http:\/\/www.landesrecht-bw.de\/jportal\/?quelle=jlink&amp;query=SanFahrPlV+BW&amp;psml=bsbawueprod.psml&amp;max=true\" target=\"_blank\" rel=\"noopener\">Verordnung der Landesregierung zum geb\u00e4udeindividuellen energetischen Sanierungsfahrplan Baden-W\u00fcrttemberg (Sanierungsfahrplan-Verordnung &#8211; SFP-VO)<\/a><a title=\"FeuVO\" href=\"http:\/\/http\/\/www.landesrecht-bw.de\/jportal\/?quelle=jlink&amp;query=FeuerAnlV+BW&amp;psml=bsbawueprod.psml&amp;max=true\" target=\"_blank\" rel=\"noopener\"><br \/><\/a><\/li>\n<li><a title=\"VWV TB\" href=\"https:\/\/www.landesrecht-bw.de\/bsbw\/document\/VB-BW-AD-GABl2025-2-127\" target=\"_blank\" rel=\"noopener\">Verwaltungsvorschrift des Umweltministeriums und des Wirtschaftsministeriums \u00fcber Technische Baubestimmungen (Verwaltungsvorschrift Technische Baubestimmungen\u2212VwV TB)<\/a><\/li>\n<\/ul>\n<p>[\/et_pb_text][\/et_pb_column][et_pb_column type=&#8220;1_2&#8243; _builder_version=&#8220;4.27.4&#8243; _module_preset=&#8220;default&#8220; global_colors_info=&#8220;{}&#8220;][et_pb_image src=&#8220;https:\/\/schornsteinfegerinnung-fr.de\/wp-content\/uploads\/2025\/05\/ZIV-Logo.jpg&#8220; title_text=&#8220;ZIV Logo&#8220; align=&#8220;center&#8220; _builder_version=&#8220;4.27.4&#8243; _module_preset=&#8220;default&#8220; width=&#8220;14%&#8220; global_colors_info=&#8220;{}&#8220;][\/et_pb_image][et_pb_text _builder_version=&#8220;4.27.4&#8243; _module_preset=&#8220;default&#8220; hover_enabled=&#8220;0&#8243; global_colors_info=&#8220;{}&#8220; sticky_enabled=&#8220;0&#8243;]<\/p>\n<h3>Informationen ZIV<\/h3>\n<p>Hier finden Sie Informationen f\u00fcr Fachhandwerker, Marktpartner und Branchenvertreter. Wir halten f\u00fcr Sie an dieser Stelle Informationen \u00fcber Regelwerke zum Schornsteinfegerhandwerk sowie die Erhebungen des Schornsteinfegerhandwerks mit der zugeh\u00f6rigen Erfassungssoftware ZStat bereit.<\/p>\n<p>&nbsp;<\/p>\n<ul class=\"on-list\">\n<li><a href=\"https:\/\/www.schornsteinfeger.de\/gesetze-und-verordnungen.aspx\" target=\"_blank\" rel=\"noopener\">Gesetze und Verordnungen<\/a><\/li>\n<li><a href=\"https:\/\/www.schornsteinfeger.de\/erhebungen.aspx\" target=\"_blank\" rel=\"noopener\">Erhebungen des Schornsteinfegerhandwerks<\/a><\/li>\n<li><a href=\"https:\/\/www.schornsteinfeger.de\/oeltankschau.aspx\" target=\"_blank\" rel=\"noopener\">Die \u00d6ltankschau<\/a><\/li>\n<li><a href=\"https:\/\/www.schornsteinfeger.de\/unterlagen-fuer-arbeitsblatt-dvgw-g-631-a.aspx\" target=\"_blank\" rel=\"noopener\">Unterlagen f\u00fcr Arbeitsblatt DVGW\u00a0 G 631 (A)<\/a><\/li>\n<li><a href=\"https:\/\/www.schornsteinfeger.de\/sicherheit-auf-dem-bau.aspx\" target=\"_blank\" rel=\"noopener\">Charta f\u00fcr Sicherheit auf dem Bau (BG Bau)<\/a><\/li>\n<li><a href=\"https:\/\/www.schornsteinfeger.de\/lueftungssymposium-2024.aspx\" target=\"_blank\" rel=\"noopener\">ZIV-L\u00fcftungssymposium 2024<\/a><\/li>\n<li><a href=\"https:\/\/www.schornsteinfeger.de\/positionspapier-comachtko-0021.pdfx?forced=true\" target=\"_blank\" rel=\"noopener\">Positionspapier zur Pr\u00e4vention von Kohlenmonoxidvergiftungen<\/a><\/li>\n<li><a href=\"https:\/\/www.schornsteinfeger.de\/ausbildung.aspx\" target=\"_blank\" rel=\"noopener\">Ausbildung<\/a><\/li>\n<\/ul>\n<p>&nbsp;<\/p>\n<p>[\/et_pb_text][\/et_pb_column][\/et_pb_row][\/et_pb_section]<\/p>\n","protected":false},"excerpt":{"rendered":"<p>Werden Sie Teil der \u201eLeitlinie Handwerk\u201cDer Landesinnungsverband des Schornsteinfegerhandwerks Baden-W\u00fcrttemberg f\u00fchrt in Zusammenarbeit mit weiteren Klimagewerken und Zukunft Altbau ein neues Qualit\u00e4tssiegel in Baden-W\u00fcrttemberg ein. Nehmen Sie als Innungsfachbetrieb des Schornsteinfegerhandwerks gewerk\u00fcbergreifend an diesem Informationsprogramm teil! Bitte \u00f6ffnen Sie das beigef\u00fcgte\u00a0Dokument\u00a0und treten Sie \u00fcber nachfolgenden Link bei:\u00a0BeitrittsformularInformationen LIV Landesbauordnung f\u00fcr Baden-W\u00fcrttemberg\u00a0(LBO) Verordnung des Wirtschaftsministeriums\u00fcber Anforderungen [&hellip;]<\/p>\n","protected":false},"author":1,"featured_media":0,"parent":0,"menu_order":0,"comment_status":"closed","ping_status":"closed","template":"","meta":{"_et_pb_use_builder":"on","_et_pb_old_content":"","_et_gb_content_width":"","footnotes":""},"class_list":["post-250","page","type-page","status-publish","hentry"],"_links":{"self":[{"href":"https:\/\/schornsteinfegerinnung-fr.de\/index.php\/wp-json\/wp\/v2\/pages\/250","targetHints":{"allow":["GET"]}}],"collection":[{"href":"https:\/\/schornsteinfegerinnung-fr.de\/index.php\/wp-json\/wp\/v2\/pages"}],"about":[{"href":"https:\/\/schornsteinfegerinnung-fr.de\/index.php\/wp-json\/wp\/v2\/types\/page"}],"author":[{"embeddable":true,"href":"https:\/\/schornsteinfegerinnung-fr.de\/index.php\/wp-json\/wp\/v2\/users\/1"}],"replies":[{"embeddable":true,"href":"https:\/\/schornsteinfegerinnung-fr.de\/index.php\/wp-json\/wp\/v2\/comments?post=250"}],"version-history":[{"count":19,"href":"https:\/\/schornsteinfegerinnung-fr.de\/index.php\/wp-json\/wp\/v2\/pages\/250\/revisions"}],"predecessor-version":[{"id":1449,"href":"https:\/\/schornsteinfegerinnung-fr.de\/index.php\/wp-json\/wp\/v2\/pages\/250\/revisions\/1449"}],"wp:attachment":[{"href":"https:\/\/schornsteinfegerinnung-fr.de\/index.php\/wp-json\/wp\/v2\/media?parent=250"}],"curies":[{"name":"wp","href":"https:\/\/api.w.org\/{rel}","templated":true}]}}