{"id":1376,"date":"2025-11-20T16:52:01","date_gmt":"2025-11-20T16:52:01","guid":{"rendered":"https:\/\/intelligent-lederberg.2-56-99-18.plesk.page\/?page_id=1376"},"modified":"2026-03-27T10:11:17","modified_gmt":"2026-03-27T10:11:17","slug":"eignungstest","status":"publish","type":"page","link":"https:\/\/schornsteinfegerinnung-fr.de\/index.php\/eignungstest\/","title":{"rendered":"Eignungstest"},"content":{"rendered":"<p>[et_pb_section fb_built=&#8220;1&#8243; _builder_version=&#8220;4.27.4&#8243; _module_preset=&#8220;default&#8220; global_colors_info=&#8220;{}&#8220;][et_pb_row _builder_version=&#8220;4.27.4&#8243; _module_preset=&#8220;default&#8220; global_colors_info=&#8220;{}&#8220;][et_pb_column type=&#8220;4_4&#8243; _builder_version=&#8220;4.27.4&#8243; _module_preset=&#8220;default&#8220; global_colors_info=&#8220;{}&#8220;][et_pb_heading title=&#8220;Eignungstest&#8220; _builder_version=&#8220;4.27.4&#8243; _module_preset=&#8220;default&#8220; global_colors_info=&#8220;{}&#8220;][\/et_pb_heading][\/et_pb_column][\/et_pb_row][et_pb_row _builder_version=&#8220;4.27.4&#8243; _module_preset=&#8220;default&#8220; global_colors_info=&#8220;{}&#8220;][et_pb_column type=&#8220;4_4&#8243; _builder_version=&#8220;4.27.4&#8243; _module_preset=&#8220;default&#8220; global_colors_info=&#8220;{}&#8220;][et_pb_text _builder_version=&#8220;4.27.4&#8243; _module_preset=&#8220;default&#8220; global_colors_info=&#8220;{}&#8220;]<\/p>\n<div class=\"otQkpb\" aria-level=\"3\" role=\"heading\" data-animation-nesting=\"\" data-sfc-cp=\"\" jsaction=\"\" jscontroller=\"a7qCn\" data-sfc-root=\"c\" jsuid=\"U0g67d_j\" data-sfc-cb=\"\" data-complete=\"true\" data-processed=\"true\" data-sae=\"\"><strong class=\"Yjhzub\" jsaction=\"\" jscontroller=\"zYmgkd\" data-sfc-root=\"c\" jsuid=\"U0g67d_k\" data-sfc-cb=\"\" data-complete=\"true\">Startklar f\u00fcr die Zukunft: Der Eignungstest im Schornsteinfegerhandwerk<\/strong><\/div>\n<div class=\"otQkpb\" aria-level=\"3\" role=\"heading\" data-animation-nesting=\"\" data-sfc-cp=\"\" jsaction=\"\" jscontroller=\"a7qCn\" data-sfc-root=\"c\" jsuid=\"U0g67d_j\" data-sfc-cb=\"\" data-complete=\"true\" data-processed=\"true\" data-sae=\"\"><strong class=\"Yjhzub\" jsaction=\"\" jscontroller=\"zYmgkd\" data-sfc-root=\"c\" jsuid=\"U0g67d_k\" data-sfc-cb=\"\" data-complete=\"true\"><\/strong><\/div>\n<div class=\"otQkpb\" aria-level=\"3\" role=\"heading\" data-animation-nesting=\"\" data-sfc-cp=\"\" jsaction=\"\" jscontroller=\"a7qCn\" data-sfc-root=\"c\" jsuid=\"U0g67d_j\" data-sfc-cb=\"\" data-complete=\"true\" data-processed=\"true\" data-sae=\"\"><strong class=\"Yjhzub\" jsaction=\"\" jscontroller=\"zYmgkd\" data-sfc-root=\"c\" jsuid=\"U0g67d_k\" data-sfc-cb=\"\" data-complete=\"true\"><\/strong><\/div>\n<div class=\"otQkpb\" aria-level=\"3\" role=\"heading\" data-animation-nesting=\"\" data-sfc-cp=\"\" jsaction=\"\" jscontroller=\"a7qCn\" data-sfc-root=\"c\" jsuid=\"U0g67d_j\" data-sfc-cb=\"\" data-complete=\"true\" data-processed=\"true\" data-sae=\"\"><strong class=\"Yjhzub\" jsaction=\"\" jscontroller=\"zYmgkd\" data-sfc-root=\"c\" jsuid=\"U0g67d_k\" data-sfc-cb=\"\" data-complete=\"true\"><\/strong><\/div>\n<div class=\"otQkpb\" aria-level=\"3\" role=\"heading\" data-animation-nesting=\"\" data-sfc-cp=\"\" jsaction=\"\" jscontroller=\"a7qCn\" data-sfc-root=\"c\" jsuid=\"U0g67d_j\" data-sfc-cb=\"\" data-complete=\"true\" data-processed=\"true\" data-sae=\"\"><strong class=\"Yjhzub\" jsaction=\"\" jscontroller=\"zYmgkd\" data-sfc-root=\"c\" jsuid=\"U0g67d_k\" data-sfc-cb=\"\" data-complete=\"true\"><\/strong><\/div>\n<div class=\"otQkpb\" aria-level=\"3\" role=\"heading\" data-animation-nesting=\"\" data-sfc-cp=\"\" jsaction=\"\" jscontroller=\"a7qCn\" data-sfc-root=\"c\" jsuid=\"U0g67d_j\" data-sfc-cb=\"\" data-complete=\"true\" data-processed=\"true\" data-sae=\"\"><strong class=\"Yjhzub\" jsaction=\"\" jscontroller=\"zYmgkd\" data-sfc-root=\"c\" jsuid=\"U0g67d_k\" data-sfc-cb=\"\" data-complete=\"true\"><\/strong><\/div>\n<div class=\"otQkpb\" aria-level=\"3\" role=\"heading\" data-animation-nesting=\"\" data-sfc-cp=\"\" jsaction=\"\" jscontroller=\"a7qCn\" data-sfc-root=\"c\" jsuid=\"U0g67d_j\" data-sfc-cb=\"\" data-complete=\"true\" data-processed=\"true\" data-sae=\"\"><strong class=\"Yjhzub\" jsaction=\"\" jscontroller=\"zYmgkd\" data-sfc-root=\"c\" jsuid=\"U0g67d_k\" data-sfc-cb=\"\" data-complete=\"true\"><\/strong><\/div>\n<div class=\"otQkpb\" aria-level=\"3\" role=\"heading\" data-animation-nesting=\"\" data-sfc-cp=\"\" jsaction=\"\" jscontroller=\"a7qCn\" data-sfc-root=\"c\" jsuid=\"U0g67d_j\" data-sfc-cb=\"\" data-complete=\"true\" data-processed=\"true\" data-sae=\"\"><strong class=\"Yjhzub\" jsaction=\"\" jscontroller=\"zYmgkd\" data-sfc-root=\"c\" jsuid=\"U0g67d_k\" data-sfc-cb=\"\" data-complete=\"true\"><\/strong><\/div>\n<div class=\"otQkpb\" aria-level=\"3\" role=\"heading\" data-animation-nesting=\"\" data-sfc-cp=\"\" jsaction=\"\" jscontroller=\"a7qCn\" data-sfc-root=\"c\" jsuid=\"U0g67d_j\" data-sfc-cb=\"\" data-complete=\"true\" data-processed=\"true\" data-sae=\"\"><strong class=\"Yjhzub\" jsaction=\"\" jscontroller=\"zYmgkd\" data-sfc-root=\"c\" jsuid=\"U0g67d_k\" data-sfc-cb=\"\" data-complete=\"true\"><\/strong><\/div>\n<div class=\"otQkpb\" aria-level=\"3\" role=\"heading\" data-animation-nesting=\"\" data-sfc-cp=\"\" jsaction=\"\" jscontroller=\"a7qCn\" data-sfc-root=\"c\" jsuid=\"U0g67d_j\" data-sfc-cb=\"\" data-complete=\"true\" data-processed=\"true\" data-sae=\"\"><strong class=\"Yjhzub\" jsaction=\"\" jscontroller=\"zYmgkd\" data-sfc-root=\"c\" jsuid=\"U0g67d_k\" data-sfc-cb=\"\" data-complete=\"true\"><\/strong><\/div>\n<div class=\"otQkpb\" aria-level=\"3\" role=\"heading\" data-animation-nesting=\"\" data-sfc-cp=\"\" jsaction=\"\" jscontroller=\"a7qCn\" data-sfc-root=\"c\" jsuid=\"U0g67d_j\" data-sfc-cb=\"\" data-complete=\"true\" data-processed=\"true\" data-sae=\"\"><strong class=\"Yjhzub\" jsaction=\"\" jscontroller=\"zYmgkd\" data-sfc-root=\"c\" jsuid=\"U0g67d_k\" data-sfc-cb=\"\" data-complete=\"true\"><\/strong><\/div>\n<div class=\"otQkpb\" aria-level=\"3\" role=\"heading\" data-animation-nesting=\"\" data-sfc-cp=\"\" jsaction=\"\" jscontroller=\"a7qCn\" data-sfc-root=\"c\" jsuid=\"U0g67d_j\" data-sfc-cb=\"\" data-complete=\"true\" data-processed=\"true\" data-sae=\"\"><strong class=\"Yjhzub\" jsaction=\"\" jscontroller=\"zYmgkd\" data-sfc-root=\"c\" jsuid=\"U0g67d_k\" data-sfc-cb=\"\" data-complete=\"true\"><\/strong><\/div>\n<div class=\"otQkpb\" aria-level=\"3\" role=\"heading\" data-animation-nesting=\"\" data-sfc-cp=\"\" jsaction=\"\" jscontroller=\"a7qCn\" data-sfc-root=\"c\" jsuid=\"U0g67d_j\" data-sfc-cb=\"\" data-complete=\"true\" data-processed=\"true\" data-sae=\"\"><strong class=\"Yjhzub\" jsaction=\"\" jscontroller=\"zYmgkd\" data-sfc-root=\"c\" jsuid=\"U0g67d_k\" data-sfc-cb=\"\" data-complete=\"true\"><\/strong><\/div>\n<div class=\"otQkpb\" aria-level=\"3\" role=\"heading\" data-animation-nesting=\"\" data-sfc-cp=\"\" jsaction=\"\" jscontroller=\"a7qCn\" data-sfc-root=\"c\" jsuid=\"U0g67d_j\" data-sfc-cb=\"\" data-complete=\"true\" data-processed=\"true\" data-sae=\"\"><strong class=\"Yjhzub\" jsaction=\"\" jscontroller=\"zYmgkd\" data-sfc-root=\"c\" jsuid=\"U0g67d_k\" data-sfc-cb=\"\" data-complete=\"true\"><\/strong><\/div>\n<div class=\"otQkpb\" aria-level=\"3\" role=\"heading\" data-animation-nesting=\"\" data-sfc-cp=\"\" jsaction=\"\" jscontroller=\"a7qCn\" data-sfc-root=\"c\" jsuid=\"U0g67d_j\" data-sfc-cb=\"\" data-complete=\"true\" data-processed=\"true\" data-sae=\"\"><strong class=\"Yjhzub\" jsaction=\"\" jscontroller=\"zYmgkd\" data-sfc-root=\"c\" jsuid=\"U0g67d_k\" data-sfc-cb=\"\" data-complete=\"true\"><\/strong><\/div>\n<div class=\"otQkpb\" aria-level=\"3\" role=\"heading\" data-animation-nesting=\"\" data-sfc-cp=\"\" jsaction=\"\" jscontroller=\"a7qCn\" data-sfc-root=\"c\" jsuid=\"U0g67d_j\" data-sfc-cb=\"\" data-complete=\"true\" data-processed=\"true\" data-sae=\"\"><strong class=\"Yjhzub\" jsaction=\"\" jscontroller=\"zYmgkd\" data-sfc-root=\"c\" jsuid=\"U0g67d_k\" data-sfc-cb=\"\" data-complete=\"true\"><\/strong><\/div>\n<div class=\"otQkpb\" aria-level=\"3\" role=\"heading\" data-animation-nesting=\"\" data-sfc-cp=\"\" jsaction=\"\" jscontroller=\"a7qCn\" data-sfc-root=\"c\" jsuid=\"U0g67d_j\" data-sfc-cb=\"\" data-complete=\"true\" data-processed=\"true\" data-sae=\"\"><strong class=\"Yjhzub\" jsaction=\"\" jscontroller=\"zYmgkd\" data-sfc-root=\"c\" jsuid=\"U0g67d_k\" data-sfc-cb=\"\" data-complete=\"true\"><\/strong><\/div>\n<div class=\"otQkpb\" aria-level=\"3\" role=\"heading\" data-animation-nesting=\"\" data-sfc-cp=\"\" jsaction=\"\" jscontroller=\"a7qCn\" data-sfc-root=\"c\" jsuid=\"U0g67d_j\" data-sfc-cb=\"\" data-complete=\"true\" data-processed=\"true\" data-sae=\"\"><strong class=\"Yjhzub\" jsaction=\"\" jscontroller=\"zYmgkd\" data-sfc-root=\"c\" jsuid=\"U0g67d_k\" data-sfc-cb=\"\" data-complete=\"true\"><\/strong><\/div>\n<div class=\"Y3BBE\" data-sfc-cp=\"\" jsaction=\"rcuQ6b:&amp;U0g67d_l|npT2md\" jscontroller=\"zcfIf\" data-sfc-root=\"c\" jsuid=\"U0g67d_l\" data-sfc-cb=\"\" data-hveid=\"CAEIAxAA\" data-complete=\"true\" data-processed=\"true\">Eine Ausbildung im Schornsteinfegerhandwerk bietet hervorragende Perspektiven \u2013 erfordert aber auch die passenden Talente. Um den perfekten Grundstein f\u00fcr eine erfolgreiche Karriere zu legen, l\u00e4dt der Landesinnungsverband Baden-W\u00fcrttemberg zweimal j\u00e4hrlich (im 1. Quartal und zur Jahresmitte) zum zentralen<span>\u00a0<\/span><strong class=\"Yjhzub\" jsaction=\"\" jscontroller=\"zYmgkd\" data-sfc-root=\"c\" jsuid=\"U0g67d_m\" data-sfc-cb=\"\" data-complete=\"true\" data-processed=\"true\">Eignungstest nach Ulm<\/strong><span>\u00a0<\/span>ein.<\/div>\n<div class=\"Y3BBE\" data-sfc-cp=\"\" jsaction=\"rcuQ6b:&amp;U0g67d_n|npT2md\" jscontroller=\"zcfIf\" data-sfc-root=\"c\" jsuid=\"U0g67d_n\" data-sfc-cb=\"\" data-hveid=\"CAEIBBAA\" data-complete=\"true\" data-processed=\"true\"><strong class=\"Yjhzub\" jsaction=\"\" jscontroller=\"zYmgkd\" data-sfc-root=\"c\" jsuid=\"U0g67d_o\" data-sfc-cb=\"\" data-complete=\"true\" data-processed=\"true\">Was Sie erwartet:<\/strong><\/div>\n<ul class=\"KsbFXc U6u95\" jsaction=\"\" jscontroller=\"mPWODf\" data-sfc-root=\"c\" jsuid=\"U0g67d_p\" data-sfc-cb=\"\" data-complete=\"true\" data-processed=\"true\">\n<li class=\"dF3vjf\" jsaction=\"\" jscontroller=\"vsuOFb\" data-sfc-root=\"c\" jsuid=\"U0g67d_q\" data-sfc-cb=\"\" data-hveid=\"CAEIBRAA\" data-complete=\"true\" data-sae=\"\"><span class=\"T286Pc\" data-sfc-cp=\"\" jsaction=\"\" jscontroller=\"fly6D\" data-sfc-root=\"c\" jsuid=\"U0g67d_r\" data-sfc-cb=\"\" data-complete=\"true\"><strong class=\"Yjhzub\" jsaction=\"\" jscontroller=\"zYmgkd\" data-sfc-root=\"c\" jsuid=\"U0g67d_s\" data-sfc-cb=\"\" data-complete=\"true\">F\u00fcr Bewerber:<\/strong><span>\u00a0<\/span>In einem allgemeinen Test checken wir Ihre Grundkenntnisse und Ihr Allgemeinwissen. So erhalten Sie und Ihr k\u00fcnftiger Betrieb eine klare R\u00fcckmeldung zu Ihrem aktuellen Bildungsstand.<\/span><\/li>\n<li class=\"dF3vjf\" jsaction=\"\" jscontroller=\"vsuOFb\" data-sfc-root=\"c\" jsuid=\"U0g67d_t\" data-sfc-cb=\"\" data-hveid=\"CAEIBRAB\" data-complete=\"true\" data-sae=\"\"><span class=\"T286Pc\" data-sfc-cp=\"\" jsaction=\"\" jscontroller=\"fly6D\" data-sfc-root=\"c\" jsuid=\"U0g67d_u\" data-sfc-cb=\"\" data-complete=\"true\"><strong class=\"Yjhzub\" jsaction=\"\" jscontroller=\"zYmgkd\" data-sfc-root=\"c\" jsuid=\"U0g67d_v\" data-sfc-cb=\"\" data-complete=\"true\">F\u00fcr Eltern &amp; Angeh\u00f6rige:<\/strong><span>\u00a0<\/span>W\u00e4hrend die K\u00f6pfe rauchen, informieren wir Sie umfassend \u00fcber die Berufsschule und die \u00fcberbetriebliche Ausbildung. Bei einer Besichtigung des Internats erl\u00e4utert Internatsleiter Herr Arnold alles Wissenswerte zu Regeln und Kosten.<\/span><\/li>\n<li class=\"dF3vjf\" jsaction=\"\" jscontroller=\"vsuOFb\" data-sfc-root=\"c\" jsuid=\"U0g67d_w\" data-sfc-cb=\"\" data-hveid=\"CAEIBRAC\" data-complete=\"true\" data-sae=\"\"><span class=\"T286Pc\" data-sfc-cp=\"\" jsaction=\"\" jscontroller=\"fly6D\" data-sfc-root=\"c\" jsuid=\"U0g67d_x\" data-sfc-cb=\"\" data-complete=\"true\"><strong class=\"Yjhzub\" jsaction=\"\" jscontroller=\"zYmgkd\" data-sfc-root=\"c\" jsuid=\"U0g67d_y\" data-sfc-cb=\"\" data-complete=\"true\">F\u00fcr Ausbildungsbetriebe:<\/strong><span>\u00a0<\/span>Nutzen Sie das zeitgleiche<span>\u00a0<\/span><strong class=\"Yjhzub\" jsaction=\"\" jscontroller=\"zYmgkd\" data-sfc-root=\"c\" jsuid=\"U0g67d_z\" data-sfc-cb=\"\" data-complete=\"true\">Ausbildertraining<\/strong>. Wir bringen Sie bei rechtlichen Anforderungen und den Inhalten der neuen Ausbildungsordnung auf den neuesten Stand \u2013 ein essenzielles Update f\u00fcr jeden Betrieb!<\/span><\/li>\n<\/ul>\n<div class=\"Y3BBE\" data-sfc-cp=\"\" jsaction=\"rcuQ6b:&amp;U0g67d_10|npT2md\" jscontroller=\"zcfIf\" data-sfc-root=\"c\" jsuid=\"U0g67d_10\" data-sfc-cb=\"\" data-hveid=\"CAEIBhAA\" data-complete=\"true\" data-processed=\"true\"><strong class=\"Yjhzub\" jsaction=\"\" jscontroller=\"zYmgkd\" data-sfc-root=\"c\" jsuid=\"U0g67d_11\" data-sfc-cb=\"\" data-complete=\"true\" data-processed=\"true\">Ihr Weg zu uns:<\/strong><br jsaction=\"\" jscontroller=\"Gy8rfb\" data-sfc-root=\"c\" jsuid=\"U0g67d_12\" data-sfc-pl=\"|[]\" data-sfc-cb=\"\" data-complete=\"true\" data-processed=\"true\" \/>Sie suchen noch den passenden Ausbildungsplatz? Wir unterst\u00fctzen Sie gerne dabei!<\/div>\n<div class=\"Y3BBE\" data-sfc-cp=\"\" jsaction=\"rcuQ6b:&amp;U0g67d_13|npT2md\" jscontroller=\"zcfIf\" data-sfc-root=\"c\" jsuid=\"U0g67d_13\" data-sfc-cb=\"\" data-hveid=\"CAEIBxAA\" data-complete=\"true\" data-processed=\"true\"><strong class=\"Yjhzub\" jsaction=\"\" jscontroller=\"zYmgkd\" data-sfc-root=\"c\" jsuid=\"U0g67d_14\" data-sfc-cb=\"\" data-complete=\"true\" data-processed=\"true\">Kontakt:<\/strong><br jsaction=\"\" jscontroller=\"Gy8rfb\" data-sfc-root=\"c\" jsuid=\"U0g67d_15\" data-sfc-pl=\"|[]\" data-sfc-cb=\"\" data-complete=\"true\" data-processed=\"true\" \/>Schornsteinfegerinnung f\u00fcr den Regierungsbezirk Freiburg<br jsaction=\"\" jscontroller=\"Gy8rfb\" data-sfc-root=\"c\" jsuid=\"U0g67d_16\" data-sfc-pl=\"|[]\" data-sfc-cb=\"\" data-complete=\"true\" data-processed=\"true\" \/>Telefon:<span>\u00a0<\/span><strong class=\"Yjhzub\" jsaction=\"\" jscontroller=\"zYmgkd\" data-sfc-root=\"c\" jsuid=\"U0g67d_17\" data-sfc-cb=\"\" data-complete=\"true\" data-processed=\"true\" aria-owns=\"action-menu-parent-container\">07651 4350<\/strong><\/div>\n<p>Email: <a href=\"mailto:info@schornsteinfegerinnung-fr.de\">info@schornsteinfegerinnung-fr.de<\/a><\/p>\n<p><a href=\"https:\/\/schornsteinfeger-liv-baden-wuerttemberg.de\/wp-content\/uploads\/2026\/03\/Eignungstest-Anmeldeformular-04.07.2026.pdf\" target=\"_blank\" rel=\"noopener\">PDF f\u00fcr Anmeldung<\/a><\/p>\n<p><a href=\"https:\/\/schornsteinfeger-liv-baden-wuerttemberg.de\/wp-content\/uploads\/2026\/01\/20260110_LIV_Eignungstest_Eltern.pdf\" target=\"_blank\" rel=\"noopener\">PDF mit weiteren Informationen<\/a><\/p>\n<p>&nbsp;<\/p>\n<p>&nbsp;<\/p>\n<p>&nbsp;<\/p>\n<p>&nbsp;<\/p>\n<p>[\/et_pb_text][\/et_pb_column][\/et_pb_row][\/et_pb_section]<\/p>\n","protected":false},"excerpt":{"rendered":"<p>Startklar f\u00fcr die Zukunft: Der Eignungstest im Schornsteinfegerhandwerk Eine Ausbildung im Schornsteinfegerhandwerk bietet hervorragende Perspektiven \u2013 erfordert aber auch die passenden Talente. Um den perfekten Grundstein f\u00fcr eine erfolgreiche Karriere zu legen, l\u00e4dt der Landesinnungsverband Baden-W\u00fcrttemberg zweimal j\u00e4hrlich (im 1. Quartal und zur Jahresmitte) zum zentralen\u00a0Eignungstest nach Ulm\u00a0ein. Was Sie erwartet: F\u00fcr Bewerber:\u00a0In einem allgemeinen [&hellip;]<\/p>\n","protected":false},"author":3,"featured_media":0,"parent":0,"menu_order":0,"comment_status":"closed","ping_status":"closed","template":"","meta":{"_et_pb_use_builder":"on","_et_pb_old_content":"<!-- wp:divi\/placeholder \/-->","_et_gb_content_width":"","footnotes":""},"class_list":["post-1376","page","type-page","status-publish","hentry"],"_links":{"self":[{"href":"https:\/\/schornsteinfegerinnung-fr.de\/index.php\/wp-json\/wp\/v2\/pages\/1376","targetHints":{"allow":["GET"]}}],"collection":[{"href":"https:\/\/schornsteinfegerinnung-fr.de\/index.php\/wp-json\/wp\/v2\/pages"}],"about":[{"href":"https:\/\/schornsteinfegerinnung-fr.de\/index.php\/wp-json\/wp\/v2\/types\/page"}],"author":[{"embeddable":true,"href":"https:\/\/schornsteinfegerinnung-fr.de\/index.php\/wp-json\/wp\/v2\/users\/3"}],"replies":[{"embeddable":true,"href":"https:\/\/schornsteinfegerinnung-fr.de\/index.php\/wp-json\/wp\/v2\/comments?post=1376"}],"version-history":[{"count":6,"href":"https:\/\/schornsteinfegerinnung-fr.de\/index.php\/wp-json\/wp\/v2\/pages\/1376\/revisions"}],"predecessor-version":[{"id":1682,"href":"https:\/\/schornsteinfegerinnung-fr.de\/index.php\/wp-json\/wp\/v2\/pages\/1376\/revisions\/1682"}],"wp:attachment":[{"href":"https:\/\/schornsteinfegerinnung-fr.de\/index.php\/wp-json\/wp\/v2\/media?parent=1376"}],"curies":[{"name":"wp","href":"https:\/\/api.w.org\/{rel}","templated":true}]}}