{"id":1327,"date":"2025-11-18T17:39:13","date_gmt":"2025-11-18T17:39:13","guid":{"rendered":"https:\/\/intelligent-lederberg.2-56-99-18.plesk.page\/?page_id=1327"},"modified":"2025-12-14T08:41:24","modified_gmt":"2025-12-14T08:41:24","slug":"schornsteinfegerkapelle","status":"publish","type":"page","link":"https:\/\/schornsteinfegerinnung-fr.de\/index.php\/schornsteinfegerkapelle\/","title":{"rendered":"Schornsteinfegerkapelle"},"content":{"rendered":"<p>[et_pb_section fb_built=&#8220;1&#8243; _builder_version=&#8220;4.27.4&#8243; _module_preset=&#8220;default&#8220; global_colors_info=&#8220;{}&#8220;][et_pb_row _builder_version=&#8220;4.27.4&#8243; _module_preset=&#8220;default&#8220; global_colors_info=&#8220;{}&#8220;][et_pb_column type=&#8220;4_4&#8243; _builder_version=&#8220;4.27.4&#8243; _module_preset=&#8220;default&#8220; global_colors_info=&#8220;{}&#8220;][et_pb_heading title=&#8220;Die musikalische Seite unserer Schornsteinfegerinnung&#8220; _builder_version=&#8220;4.27.4&#8243; _module_preset=&#8220;default&#8220; global_colors_info=&#8220;{}&#8220;][\/et_pb_heading][\/et_pb_column][\/et_pb_row][et_pb_row column_structure=&#8220;1_2,1_2&#8243; _builder_version=&#8220;4.27.4&#8243; _module_preset=&#8220;default&#8220; global_colors_info=&#8220;{}&#8220;][et_pb_column type=&#8220;1_2&#8243; _builder_version=&#8220;4.27.4&#8243; _module_preset=&#8220;default&#8220; global_colors_info=&#8220;{}&#8220;][et_pb_text _builder_version=&#8220;4.27.4&#8243; _module_preset=&#8220;default&#8220; global_colors_info=&#8220;{}&#8220;]<\/p>\n<p>Besonders stolz sind wir auf unsere Schornsteinfegerkapelle.<\/p>\n<p>Wir bringen nicht nur von berufswegen sondern auch musikalisch Gl\u00fcck.<\/p>\n<p>Bereits seit \u00fcber 20 Jahren existiert unsere Innungskapelle, die schon bei zahlreichen Auftritten ihr K\u00f6nnen unter Beweis gestellt hat. Die Musikanten gehen auch gerne auf Tournee. Vielleicht auch bei Ihnen? Melden Sie sich einfach bei uns in der Gesch\u00e4ftsstelle.<\/p>\n<p>Das Bild entstand beim LIV Tag 2019 in Konstanz zum 20-j\u00e4hrigen Jubil\u00e4um.<\/p>\n<p>[\/et_pb_text][\/et_pb_column][et_pb_column type=&#8220;1_2&#8243; _builder_version=&#8220;4.27.4&#8243; _module_preset=&#8220;default&#8220; global_colors_info=&#8220;{}&#8220;][et_pb_image src=&#8220;https:\/\/schornsteinfegerinnung-fr.de\/wp-content\/uploads\/2025\/11\/homepage-kapelle.jpg&#8220; title_text=&#8220;homepage-kapelle&#8220; _builder_version=&#8220;4.27.4&#8243; _module_preset=&#8220;default&#8220; hover_enabled=&#8220;0&#8243; global_colors_info=&#8220;{}&#8220; border_radii=&#8220;on|10px|10px|10px|10px&#8220; sticky_enabled=&#8220;0&#8243;][\/et_pb_image][\/et_pb_column][\/et_pb_row][et_pb_row _builder_version=&#8220;4.27.4&#8243; _module_preset=&#8220;default&#8220; module_alignment=&#8220;center&#8220; global_colors_info=&#8220;{}&#8220;][et_pb_column type=&#8220;4_4&#8243; _builder_version=&#8220;4.27.4&#8243; _module_preset=&#8220;default&#8220; global_colors_info=&#8220;{}&#8220;][et_pb_gallery gallery_ids=&#8220;1331,1332,1333,1334&#8243; show_pagination=&#8220;off&#8220; _builder_version=&#8220;4.27.4&#8243; _module_preset=&#8220;default&#8220; width=&#8220;100%&#8220; module_alignment=&#8220;center&#8220; custom_margin=&#8220;auto||auto||false|false&#8220; global_colors_info=&#8220;{}&#8220;][\/et_pb_gallery][\/et_pb_column][\/et_pb_row][et_pb_row _builder_version=&#8220;4.27.4&#8243; _module_preset=&#8220;default&#8220; module_alignment=&#8220;center&#8220; global_colors_info=&#8220;{}&#8220;][et_pb_column type=&#8220;4_4&#8243; _builder_version=&#8220;4.27.4&#8243; _module_preset=&#8220;default&#8220; global_colors_info=&#8220;{}&#8220;][et_pb_image src=&#8220;https:\/\/schornsteinfegerinnung-fr.de\/wp-content\/uploads\/2025\/11\/mk1_4076.jpg&#8220; title_text=&#8220;mk1_4076&#8243; force_fullwidth=&#8220;on&#8220; _builder_version=&#8220;4.27.4&#8243; _module_preset=&#8220;default&#8220; module_alignment=&#8220;center&#8220; hover_enabled=&#8220;0&#8243; global_colors_info=&#8220;{}&#8220; border_radii=&#8220;on|10px|10px|10px|10px&#8220; sticky_enabled=&#8220;0&#8243;][\/et_pb_image][\/et_pb_column][\/et_pb_row][et_pb_row _builder_version=&#8220;4.27.4&#8243; _module_preset=&#8220;default&#8220; global_colors_info=&#8220;{}&#8220;][et_pb_column type=&#8220;4_4&#8243; _builder_version=&#8220;4.27.4&#8243; _module_preset=&#8220;default&#8220; global_colors_info=&#8220;{}&#8220;][et_pb_gallery gallery_ids=&#8220;1339,1340,1341&#8243; posts_number=&#8220;3&#8243; zoom_icon_color=&#8220;#EDF000&#8243; _builder_version=&#8220;4.27.4&#8243; _module_preset=&#8220;default&#8220; max_width=&#8220;100%&#8220; module_alignment=&#8220;center&#8220; global_colors_info=&#8220;{}&#8220;][\/et_pb_gallery][\/et_pb_column][\/et_pb_row][\/et_pb_section]<\/p>\n","protected":false},"excerpt":{"rendered":"<p>Besonders stolz sind wir auf unsere Schornsteinfegerkapelle. Wir bringen nicht nur von berufswegen sondern auch musikalisch Gl\u00fcck. Bereits seit \u00fcber 20 Jahren existiert unsere Innungskapelle, die schon bei zahlreichen Auftritten ihr K\u00f6nnen unter Beweis gestellt hat. Die Musikanten gehen auch gerne auf Tournee. Vielleicht auch bei Ihnen? Melden Sie sich einfach bei uns in der [&hellip;]<\/p>\n","protected":false},"author":3,"featured_media":1328,"parent":0,"menu_order":0,"comment_status":"closed","ping_status":"closed","template":"","meta":{"_et_pb_use_builder":"on","_et_pb_old_content":"","_et_gb_content_width":"","footnotes":""},"class_list":["post-1327","page","type-page","status-publish","has-post-thumbnail","hentry"],"_links":{"self":[{"href":"https:\/\/schornsteinfegerinnung-fr.de\/index.php\/wp-json\/wp\/v2\/pages\/1327","targetHints":{"allow":["GET"]}}],"collection":[{"href":"https:\/\/schornsteinfegerinnung-fr.de\/index.php\/wp-json\/wp\/v2\/pages"}],"about":[{"href":"https:\/\/schornsteinfegerinnung-fr.de\/index.php\/wp-json\/wp\/v2\/types\/page"}],"author":[{"embeddable":true,"href":"https:\/\/schornsteinfegerinnung-fr.de\/index.php\/wp-json\/wp\/v2\/users\/3"}],"replies":[{"embeddable":true,"href":"https:\/\/schornsteinfegerinnung-fr.de\/index.php\/wp-json\/wp\/v2\/comments?post=1327"}],"version-history":[{"count":5,"href":"https:\/\/schornsteinfegerinnung-fr.de\/index.php\/wp-json\/wp\/v2\/pages\/1327\/revisions"}],"predecessor-version":[{"id":1455,"href":"https:\/\/schornsteinfegerinnung-fr.de\/index.php\/wp-json\/wp\/v2\/pages\/1327\/revisions\/1455"}],"wp:featuredmedia":[{"embeddable":true,"href":"https:\/\/schornsteinfegerinnung-fr.de\/index.php\/wp-json\/wp\/v2\/media\/1328"}],"wp:attachment":[{"href":"https:\/\/schornsteinfegerinnung-fr.de\/index.php\/wp-json\/wp\/v2\/media?parent=1327"}],"curies":[{"name":"wp","href":"https:\/\/api.w.org\/{rel}","templated":true}]}}